{"id":15,"date":"2014-02-26T22:40:37","date_gmt":"2014-02-26T21:40:37","guid":{"rendered":"http:\/\/www.scoutlamoliere.ch\/?page_id=15"},"modified":"2024-05-27T19:32:35","modified_gmt":"2024-05-27T18:32:35","slug":"liens","status":"publish","type":"page","link":"http:\/\/www.scoutlamoliere.ch\/?page_id=15","title":{"rendered":"Liens"},"content":{"rendered":"<h1>Associations scoutes<\/h1>\n<p><a title=\"\" href=\"http:\/\/www.scout.org\/\" target=\"external-site\" rel=\"noopener\">organisation mondiale du mouvement scout<\/a><br \/>\n<a title=\"\" href=\"http:\/\/www.wagggs.org\/\" target=\"external-site\" rel=\"noopener\">association mondiale des guides et \u00e9claireuses<\/a><br \/>\n<a title=\"\" href=\"http:\/\/www.msds.ch\/\" target=\"external-site\" rel=\"noopener\">mouvement scout de suisse<\/a><br \/>\n<a title=\"\" href=\"http:\/\/www.pfadistiftung.ch\/\" target=\"external-site\" rel=\"noopener\">fondation suisse du scoutisme<\/a><\/p>\n<h1>Associations cantonales<\/h1>\n<p><a title=\"\" href=\"http:\/\/www.scoutsfribourgeois.ch\/\" target=\"external-site\" rel=\"noopener\">scouts fribourgeois<\/a><br \/>\n<a title=\"\" href=\"http:\/\/www.scoutisme-vaudois.ch\/\" target=\"external-site\" rel=\"noopener\">association du scoutisme vaudois<\/a><br \/>\n<a title=\"\" href=\"http:\/\/www.les-scouts.ch\/\" target=\"external-site\" rel=\"noopener\">les scouts genevois<\/a><br \/>\n<a title=\"\" href=\"http:\/\/www.scoutne.ch\/\" target=\"external-site\" rel=\"noopener\">association du scoutisme neuch\u00e2telois<\/a><\/p>\n<h1>Groupes scouts fribourgeois<\/h1>\n<p><a title=\"\" href=\"http:\/\/www.pfadimurten.ch\/\" target=\"external-site\" rel=\"noopener\">andromeda murten<\/a><br \/>\n<a title=\"\" href=\"http:\/\/www.scoutsbullois.ch\/\" target=\"external-site\" rel=\"noopener\">bulle<\/a><br \/>\n<a title=\"\" href=\"http:\/\/www.x-roi.ch\/\" target=\"external-site\" rel=\"noopener\">christ-fribourg<\/a><br \/>\n<a title=\"\" href=\"http:\/\/www.fribourg.flambeaux.ch\/\" target=\"external-site\" rel=\"noopener\">flambeaux de l&rsquo;\u00e9vangile fribourg<\/a><br \/>\n<a title=\"\" href=\"http:\/\/www.gsfm.ch\/\" target=\"external-site\" rel=\"noopener\">foucauld marly<\/a><br \/>\n<a title=\"\" href=\"http:\/\/www.scoutlamoliere.ch\/\" target=\"external-site\" rel=\"noopener\">la moli\u00e8re murist<\/a><br \/>\n<a title=\"\" href=\"http:\/\/www.pfadiduedingen.ch\/\" target=\"external-site\" rel=\"noopener\">st.peter und paul d\u00fcdingen<\/a><br \/>\n<a title=\"\" href=\"http:\/\/www.st-raphael.ch\/\" target=\"external-site\" rel=\"noopener\">st-rapha\u00ebl romont<\/a><\/p>\n<h1>Mat\u00e9riel<\/h1>\n<p><a title=\"\" href=\"http:\/\/www.hajk.ch\/\" target=\"external-site\" rel=\"noopener\">hajk scout and sport<\/a><br \/>\n<a title=\"\" href=\"http:\/\/www.spatz.ch\/\" target=\"external-site\" rel=\"noopener\">spatz<\/a><\/p>\n<h1>Chalets et terrains<\/h1>\n<p><a title=\"\" href=\"http:\/\/www.kisc.ch\/\" target=\"external-site\" rel=\"noopener\">centre scout international de kandersteg<\/a><br \/>\n<a title=\"\" href=\"http:\/\/www.groups.ch\/\" target=\"external-site\" rel=\"noopener\">www.groups.ch<\/a><br \/>\n<a title=\"\" href=\"http:\/\/www.colonies.ch\/\" target=\"external-site\" rel=\"noopener\">colonies de vacances<\/a><br \/>\n<a title=\"\" href=\"http:\/\/www.pfadiheime.ch\/\" target=\"external-site\" rel=\"noopener\">homes scouts<\/a><\/p>\n","protected":false},"excerpt":{"rendered":"<p>Associations scoutes organisation mondiale du mouvement scout association mondiale des guides et \u00e9claireuses mouvement scout de suisse fondation suisse du scoutisme Associations cantonales scouts fribourgeois association du scoutisme vaudois les scouts genevois association du scoutisme neuch\u00e2telois Groupes scouts fribourgeois andromeda murten bulle christ-fribourg flambeaux de l&rsquo;\u00e9vangile fribourg foucauld marly la moli\u00e8re murist st.peter und paul &hellip; <a href=\"http:\/\/www.scoutlamoliere.ch\/?page_id=15\" class=\"more-link\">Continuer la lecture de <span class=\"screen-reader-text\">Liens<\/span>  <span class=\"meta-nav\">&rarr;<\/span><\/a><\/p>\n","protected":false},"author":1,"featured_media":0,"parent":0,"menu_order":0,"comment_status":"closed","ping_status":"closed","template":"","meta":{"footnotes":""},"class_list":["post-15","page","type-page","status-publish","hentry"],"_links":{"self":[{"href":"http:\/\/www.scoutlamoliere.ch\/index.php?rest_route=\/wp\/v2\/pages\/15","targetHints":{"allow":["GET"]}}],"collection":[{"href":"http:\/\/www.scoutlamoliere.ch\/index.php?rest_route=\/wp\/v2\/pages"}],"about":[{"href":"http:\/\/www.scoutlamoliere.ch\/index.php?rest_route=\/wp\/v2\/types\/page"}],"author":[{"embeddable":true,"href":"http:\/\/www.scoutlamoliere.ch\/index.php?rest_route=\/wp\/v2\/users\/1"}],"replies":[{"embeddable":true,"href":"http:\/\/www.scoutlamoliere.ch\/index.php?rest_route=%2Fwp%2Fv2%2Fcomments&post=15"}],"version-history":[{"count":4,"href":"http:\/\/www.scoutlamoliere.ch\/index.php?rest_route=\/wp\/v2\/pages\/15\/revisions"}],"predecessor-version":[{"id":1931,"href":"http:\/\/www.scoutlamoliere.ch\/index.php?rest_route=\/wp\/v2\/pages\/15\/revisions\/1931"}],"wp:attachment":[{"href":"http:\/\/www.scoutlamoliere.ch\/index.php?rest_route=%2Fwp%2Fv2%2Fmedia&parent=15"}],"curies":[{"name":"wp","href":"https:\/\/api.w.org\/{rel}","templated":true}]}}