{"id":1589,"date":"2020-05-24T20:35:19","date_gmt":"2020-05-24T19:35:19","guid":{"rendered":"http:\/\/www.scoutlamoliere.ch\/?page_id=1589"},"modified":"2024-10-02T21:04:38","modified_gmt":"2024-10-02T20:04:38","slug":"inscription","status":"publish","type":"page","link":"http:\/\/www.scoutlamoliere.ch\/?page_id=1589","title":{"rendered":"Formulaire d&rsquo;Inscription"},"content":{"rendered":"\n<p>Chers parents,<br>Vous souhaitez inscrire votre enfant aux scouts, nous vous invitons \u00e0 remplir le formulaire d&rsquo;inscription ci-dessous. <mark style=\"background-color:rgba(0, 0, 0, 0)\" class=\"has-inline-color has-green-color\">Cependant ne seront accept\u00e9s que les enfants en \u00e2ge d\u2019\u00eatre dans les<strong> <a href=\"http:\/\/www.scoutlamoliere.ch\/?page_id=41\">unit\u00e9s<\/a><\/strong><a href=\"http:\/\/www.scoutlamoliere.ch\/?page_id=41\"> <\/a>lutins\/louveteaux, nos autres unit\u00e9s sont pour l\u2019instant toujours compl\u00e8tes.&nbsp;<\/mark><br>Veuillez cocher une date, celle-ci correspond \u00e0 la premi\u00e8re r\u00e9union de votre enfant.&nbsp;<\/p>\n\n\n\n<div class=\"wp-block-contact-form-7-contact-form-selector\">\n<div class=\"wpcf7 no-js\" id=\"wpcf7-f1588-o1\" lang=\"fr-FR\" dir=\"ltr\" data-wpcf7-id=\"1588\">\n<div class=\"screen-reader-response\"><p role=\"status\" aria-live=\"polite\" aria-atomic=\"true\"><\/p> <ul><\/ul><\/div>\n<form action=\"\/index.php?rest_route=%2Fwp%2Fv2%2Fpages%2F1589#wpcf7-f1588-o1\" method=\"post\" class=\"wpcf7-form init\" aria-label=\"Formulaire de contact\" novalidate=\"novalidate\" data-status=\"init\">\n<fieldset class=\"hidden-fields-container\"><input type=\"hidden\" name=\"_wpcf7\" value=\"1588\" \/><input type=\"hidden\" name=\"_wpcf7_version\" value=\"6.1.5\" \/><input type=\"hidden\" name=\"_wpcf7_locale\" value=\"fr_FR\" \/><input type=\"hidden\" name=\"_wpcf7_unit_tag\" value=\"wpcf7-f1588-o1\" \/><input type=\"hidden\" name=\"_wpcf7_container_post\" value=\"0\" \/><input type=\"hidden\" name=\"_wpcf7_posted_data_hash\" value=\"\" \/><input type=\"hidden\" name=\"_wpcf7_recaptcha_response\" value=\"\" \/>\n<\/fieldset>\n<p><label> Nom de l'enfant *<br \/>\n<span class=\"wpcf7-form-control-wrap\" data-name=\"Nom\"><input size=\"40\" maxlength=\"400\" class=\"wpcf7-form-control wpcf7-text wpcf7-validates-as-required\" aria-required=\"true\" aria-invalid=\"false\" value=\"\" type=\"text\" name=\"Nom\" \/><\/span> <\/label><br \/>\n<label> Pr\u00e9nom de l'enfant *<br \/>\n<span class=\"wpcf7-form-control-wrap\" data-name=\"Prenom\"><input size=\"40\" maxlength=\"400\" class=\"wpcf7-form-control wpcf7-text wpcf7-validates-as-required\" aria-required=\"true\" aria-invalid=\"false\" value=\"\" type=\"text\" name=\"Prenom\" \/><\/span> <\/label><br \/>\n<label> Date de naissance *<br \/>\n<span class=\"wpcf7-form-control-wrap\" data-name=\"Date_naissance\"><input class=\"wpcf7-form-control wpcf7-date wpcf7-validates-as-required wpcf7-validates-as-date\" aria-required=\"true\" aria-invalid=\"false\" value=\"jj.mm.aaaa\" type=\"date\" name=\"Date_naissance\" \/><\/span> <\/label>\n<\/p>\n<p><span class=\"wpcf7-form-control-wrap\" data-name=\"Sexe\"><span class=\"wpcf7-form-control wpcf7-checkbox wpcf7-validates-as-required wpcf7-exclusive-checkbox\"><span class=\"wpcf7-list-item first\"><label><input type=\"checkbox\" name=\"Sexe\" value=\"Fille\" \/><span class=\"wpcf7-list-item-label\">Fille<\/span><\/label><\/span><span class=\"wpcf7-list-item last\"><label><input type=\"checkbox\" name=\"Sexe\" value=\"Gra\u00e7on\" \/><span class=\"wpcf7-list-item-label\">Gra\u00e7on<\/span><\/label><\/span><\/span><\/span>\n<\/p>\n<p><label> Mon enfant d\u00e9butera le : *<br \/>\n<span class=\"wpcf7-form-control-wrap\" data-name=\"Date_debut\"><select class=\"wpcf7-form-control wpcf7-select\" aria-invalid=\"false\" name=\"Date_debut\"><option value=\"14.03.2026 (reprise)\">14.03.2026 (reprise)<\/option><option value=\"28.03.2026\">28.03.2026<\/option><option value=\"11.04.2026\">11.04.2026<\/option><\/select><\/span> <\/label>\n<\/p>\n<p><label> Nom d'un parent *<br \/>\n<span class=\"wpcf7-form-control-wrap\" data-name=\"Nom_resp\"><input size=\"40\" maxlength=\"400\" class=\"wpcf7-form-control wpcf7-text wpcf7-validates-as-required\" aria-required=\"true\" aria-invalid=\"false\" value=\"\" type=\"text\" name=\"Nom_resp\" \/><\/span> <\/label><br \/>\n<label> Pr\u00e9nom d'un parent *<br \/>\n<span class=\"wpcf7-form-control-wrap\" data-name=\"Prenom_resp\"><input size=\"40\" maxlength=\"400\" class=\"wpcf7-form-control wpcf7-text wpcf7-validates-as-required\" aria-required=\"true\" aria-invalid=\"false\" value=\"\" type=\"text\" name=\"Prenom_resp\" \/><\/span> <\/label><br \/>\n<label> Adresse *<br \/>\n<span class=\"wpcf7-form-control-wrap\" data-name=\"Adresse\"><input size=\"40\" maxlength=\"400\" class=\"wpcf7-form-control wpcf7-text wpcf7-validates-as-required\" aria-required=\"true\" aria-invalid=\"false\" value=\"\" type=\"text\" name=\"Adresse\" \/><\/span> <\/label><br \/>\n<label> NPA *<br \/>\n<span class=\"wpcf7-form-control-wrap\" data-name=\"NPL\"><input size=\"40\" maxlength=\"400\" class=\"wpcf7-form-control wpcf7-text wpcf7-validates-as-required\" aria-required=\"true\" aria-invalid=\"false\" value=\"\" type=\"text\" name=\"NPL\" \/><\/span> <\/label><br \/>\n<label> Localit\u00e9 *<br \/>\n<span class=\"wpcf7-form-control-wrap\" data-name=\"Localite\"><input size=\"40\" maxlength=\"400\" class=\"wpcf7-form-control wpcf7-text wpcf7-validates-as-required\" aria-required=\"true\" aria-invalid=\"false\" value=\"\" type=\"text\" name=\"Localite\" \/><\/span> <\/label><br \/>\n<label> T\u00e9l\u00e9phone [026\/000.00.00]<br \/>\n<span class=\"wpcf7-form-control-wrap\" data-name=\"Tel1\"><input size=\"40\" maxlength=\"13\" minlength=\"13\" class=\"wpcf7-form-control wpcf7-text\" aria-invalid=\"false\" value=\"\" type=\"text\" name=\"Tel1\" \/><\/span> <\/label><br \/>\n<label> Mobile [079\/000.00.00] *<br \/>\n<span class=\"wpcf7-form-control-wrap\" data-name=\"Natel\"><input size=\"40\" maxlength=\"13\" minlength=\"13\" class=\"wpcf7-form-control wpcf7-text wpcf7-validates-as-required\" aria-required=\"true\" aria-invalid=\"false\" value=\"\" type=\"text\" name=\"Natel\" \/><\/span> <\/label><br \/>\n<label> Votre adresse de messagerie *<br \/>\n<span class=\"wpcf7-form-control-wrap\" data-name=\"Email\"><input size=\"40\" maxlength=\"400\" class=\"wpcf7-form-control wpcf7-email wpcf7-validates-as-required wpcf7-text wpcf7-validates-as-email\" aria-required=\"true\" aria-invalid=\"false\" value=\"\" type=\"email\" name=\"Email\" \/><\/span> <\/label>\n<\/p>\n<p><label> Remarques\/Questions<br \/>\n<span class=\"wpcf7-form-control-wrap\" data-name=\"your-message\"><textarea cols=\"40\" rows=\"10\" maxlength=\"2000\" class=\"wpcf7-form-control wpcf7-textarea\" aria-invalid=\"false\" name=\"your-message\"><\/textarea><\/span> <\/label>\n<\/p>\n<p><label> J'accepte que des photos de mon enfant soient publi\u00e9es sur le site internet du groupement.*<br \/>\n<span class=\"wpcf7-form-control-wrap\" data-name=\"acceptance-912\"><span class=\"wpcf7-form-control wpcf7-acceptance\"><span class=\"wpcf7-list-item\"><input type=\"checkbox\" name=\"acceptance-912\" value=\"1\" aria-invalid=\"false\" \/><\/span><\/span><\/span><\/label>\n<\/p>\n<p><label> J'ai lu et accepte la <a title=\"Politique de confidentialit\u00e9\" href=\"http:\/\/www.scoutlamoliere.ch\/?page_id=1599\"> politique de confidentialit\u00e9 *<\/a><br \/>\n<span class=\"wpcf7-form-control-wrap\" data-name=\"acceptance-912\"><span class=\"wpcf7-form-control wpcf7-acceptance\"><span class=\"wpcf7-list-item\"><input type=\"checkbox\" name=\"acceptance-912\" value=\"1\" aria-invalid=\"false\" \/><\/span><\/span><\/span><\/label>\n<\/p>\n<p><input class=\"wpcf7-form-control wpcf7-submit has-spinner\" type=\"submit\" value=\"Envoyer\" \/>\n<\/p><div class=\"wpcf7-response-output\" aria-hidden=\"true\"><\/div>\n<\/form>\n<\/div>\n<\/div>\n\n\n\n<p><strong>Note <\/strong>: Veuillez remplir les champs marqu\u00e9s d&rsquo;un <span style=\"color:#c90714\" class=\"has-inline-color\">*<\/span>.<\/p>\n","protected":false},"excerpt":{"rendered":"<p>Chers parents,Vous souhaitez inscrire votre enfant aux scouts, nous vous invitons \u00e0 remplir le formulaire d&rsquo;inscription ci-dessous. Cependant ne seront accept\u00e9s que les enfants en \u00e2ge d\u2019\u00eatre dans les unit\u00e9s lutins\/louveteaux, nos autres unit\u00e9s sont pour l\u2019instant toujours compl\u00e8tes.&nbsp;Veuillez cocher une date, celle-ci correspond \u00e0 la premi\u00e8re r\u00e9union de votre enfant.&nbsp; Note : Veuillez remplir &hellip; <a href=\"http:\/\/www.scoutlamoliere.ch\/?page_id=1589\" class=\"more-link\">Continuer la lecture de <span class=\"screen-reader-text\">Formulaire d&rsquo;Inscription<\/span>  <span class=\"meta-nav\">&rarr;<\/span><\/a><\/p>\n","protected":false},"author":1,"featured_media":0,"parent":0,"menu_order":0,"comment_status":"closed","ping_status":"closed","template":"","meta":{"footnotes":""},"class_list":["post-1589","page","type-page","status-publish","hentry"],"_links":{"self":[{"href":"http:\/\/www.scoutlamoliere.ch\/index.php?rest_route=\/wp\/v2\/pages\/1589","targetHints":{"allow":["GET"]}}],"collection":[{"href":"http:\/\/www.scoutlamoliere.ch\/index.php?rest_route=\/wp\/v2\/pages"}],"about":[{"href":"http:\/\/www.scoutlamoliere.ch\/index.php?rest_route=\/wp\/v2\/types\/page"}],"author":[{"embeddable":true,"href":"http:\/\/www.scoutlamoliere.ch\/index.php?rest_route=\/wp\/v2\/users\/1"}],"replies":[{"embeddable":true,"href":"http:\/\/www.scoutlamoliere.ch\/index.php?rest_route=%2Fwp%2Fv2%2Fcomments&post=1589"}],"version-history":[{"count":20,"href":"http:\/\/www.scoutlamoliere.ch\/index.php?rest_route=\/wp\/v2\/pages\/1589\/revisions"}],"predecessor-version":[{"id":2049,"href":"http:\/\/www.scoutlamoliere.ch\/index.php?rest_route=\/wp\/v2\/pages\/1589\/revisions\/2049"}],"wp:attachment":[{"href":"http:\/\/www.scoutlamoliere.ch\/index.php?rest_route=%2Fwp%2Fv2%2Fmedia&parent=1589"}],"curies":[{"name":"wp","href":"https:\/\/api.w.org\/{rel}","templated":true}]}}