{"id":54,"date":"2014-02-26T22:58:35","date_gmt":"2014-02-26T21:58:35","guid":{"rendered":"http:\/\/www.scoutlamoliere.ch\/?page_id=54"},"modified":"2024-05-27T20:28:42","modified_gmt":"2024-05-27T19:28:42","slug":"camp-dete","status":"publish","type":"page","link":"http:\/\/www.scoutlamoliere.ch\/?page_id=54","title":{"rendered":"Camp d&rsquo;\u00e9t\u00e9"},"content":{"rendered":"<p align=\"justify\">Le groupement scout organise chaque ann\u00e9e un camp d\u2019\u00e9t\u00e9 d\u2019une dizaine de jours avec toutes les unit\u00e9s r\u00e9unies. C\u2019est ainsi l\u2019occasion de se retrouver, l\u2019espace de quelques jours, tous ensembles afin de partager des moments inoubliables.<\/p>\n<p align=\"justify\">Le camp a lieu g\u00e9n\u00e9ralement au d\u00e9but du mois d\u2019ao\u00fbt et, selon les unit\u00e9s, est de dur\u00e9e diff\u00e9rente. Les lutins-louveteaux font cinq jours, cadets-cadettes sept jours et finalement les \u00e9claireurs-\u00e9claireuses et pionniers-cord\u00e9es font dix jours. Chaque camp est b\u00e2ti autour d\u2019un th\u00e8me qui accompagne les enfants tout au long de la semaine. Ce fil rouge doit alors appara\u00eetre dans les diff\u00e9rentes activit\u00e9s organis\u00e9es.<\/p>\n<p align=\"justify\">Un camp r\u00e9unissant toutes les unit\u00e9s apporte de nombreux avantages. Il permet de mieux conna\u00eetre l\u2019ensemble du groupement autant pour les moniteurs que pour les enfants, de responsabiliser les plus \u00e2g\u00e9s face au plus petits, d\u2019organiser des jeux de plus grande envergure\u2026 Il n\u2019est pas \u00e9vident pour les plus jeunes de se retrouver loin du cocon familial, mais nous sommes souvent \u00e9tonn\u00e9s de l\u2019assurance qu\u2019ils prennent au fur et \u00e0 mesure du d\u00e9roulement du camp. Les veill\u00e9es autour du feu sont de beaux moments. Chanter tous ensemble, pas toujours juste, accompagn\u00e9 d\u2019une guitare ou \u00e9voquer les anecdotes des camps pass\u00e9s a vraiment quelque chose de magique.<\/p>\n<p align=\"justify\">A mi-s\u00e9jour, a lieu la soir\u00e9e des parents durant laquelle les unit\u00e9s pr\u00e9sentent les constructions qu\u2019ils ont r\u00e9alis\u00e9es et les petits spectacles qu\u2019ils ont pr\u00e9par\u00e9s durant les jours pr\u00e9c\u00e9dents. Grillades, ambiance familiale et retrouvailles rythment cette soir\u00e9e.<\/p>\n<p align=\"justify\">Nourrir un groupement, pouvant compter au plus fort du camp jusqu\u2019\u00e0 50-60 personnes, n\u2019est pas chose facile. Heureusement une \u00e9quipe formidable de cuisiniers nous accompagne pendant le s\u00e9jour. David Rey et\u00a0 Patricia Br\u00fclhart sont vraiment au petit soin pour nous.<\/p>\n<p align=\"justify\">A la fin du s\u00e9jour, il ne reste que les plus grands et les moniteurs. Le dernier jour est consacr\u00e9 au rangement du mat\u00e9riel, \u00e0 la remise en ordre du chalet et de ses environs. Chacun y met du sien avec un petit pincement au c\u0153ur, annonciateur de la fin d\u2019une aventure d\u2019o\u00f9 tout le monde en ressortira grandi.<\/p>\n<p><i>Webmaster, 22.05.2024<br \/>\n<\/i><\/p>\n","protected":false},"excerpt":{"rendered":"<p>Le groupement scout organise chaque ann\u00e9e un camp d\u2019\u00e9t\u00e9 d\u2019une dizaine de jours avec toutes les unit\u00e9s r\u00e9unies. C\u2019est ainsi l\u2019occasion de se retrouver, l\u2019espace de quelques jours, tous ensembles afin de partager des moments inoubliables. Le camp a lieu g\u00e9n\u00e9ralement au d\u00e9but du mois d\u2019ao\u00fbt et, selon les unit\u00e9s, est de dur\u00e9e diff\u00e9rente. Les &hellip; <a href=\"http:\/\/www.scoutlamoliere.ch\/?page_id=54\" class=\"more-link\">Continuer la lecture de <span class=\"screen-reader-text\">Camp d&rsquo;\u00e9t\u00e9<\/span>  <span class=\"meta-nav\">&rarr;<\/span><\/a><\/p>\n","protected":false},"author":1,"featured_media":1942,"parent":0,"menu_order":0,"comment_status":"closed","ping_status":"closed","template":"","meta":{"footnotes":""},"class_list":["post-54","page","type-page","status-publish","has-post-thumbnail","hentry"],"_links":{"self":[{"href":"http:\/\/www.scoutlamoliere.ch\/index.php?rest_route=\/wp\/v2\/pages\/54","targetHints":{"allow":["GET"]}}],"collection":[{"href":"http:\/\/www.scoutlamoliere.ch\/index.php?rest_route=\/wp\/v2\/pages"}],"about":[{"href":"http:\/\/www.scoutlamoliere.ch\/index.php?rest_route=\/wp\/v2\/types\/page"}],"author":[{"embeddable":true,"href":"http:\/\/www.scoutlamoliere.ch\/index.php?rest_route=\/wp\/v2\/users\/1"}],"replies":[{"embeddable":true,"href":"http:\/\/www.scoutlamoliere.ch\/index.php?rest_route=%2Fwp%2Fv2%2Fcomments&post=54"}],"version-history":[{"count":4,"href":"http:\/\/www.scoutlamoliere.ch\/index.php?rest_route=\/wp\/v2\/pages\/54\/revisions"}],"predecessor-version":[{"id":1927,"href":"http:\/\/www.scoutlamoliere.ch\/index.php?rest_route=\/wp\/v2\/pages\/54\/revisions\/1927"}],"wp:featuredmedia":[{"embeddable":true,"href":"http:\/\/www.scoutlamoliere.ch\/index.php?rest_route=\/wp\/v2\/media\/1942"}],"wp:attachment":[{"href":"http:\/\/www.scoutlamoliere.ch\/index.php?rest_route=%2Fwp%2Fv2%2Fmedia&parent=54"}],"curies":[{"name":"wp","href":"https:\/\/api.w.org\/{rel}","templated":true}]}}