{"id":84,"date":"2014-02-26T23:13:08","date_gmt":"2014-02-26T22:13:08","guid":{"rendered":"http:\/\/www.scoutlamoliere.ch\/?page_id=84"},"modified":"2017-06-27T22:48:02","modified_gmt":"2017-06-27T21:48:02","slug":"coupures-de-presse-2","status":"publish","type":"page","link":"http:\/\/www.scoutlamoliere.ch\/?page_id=84","title":{"rendered":"Coupures de presse"},"content":{"rendered":"<p>Vous trouvez ci-dessous quelques articles int\u00e9ressants parus dans la presse locale :<\/p>\n<p><a href=\"http:\/\/www.scoutlamoliere.ch\/attachments\/File\/Article_Le_Matin_Bleu_2005.pdf\"><img loading=\"lazy\" decoding=\"async\" src=\"http:\/\/www.scoutlamoliere.ch\/attachments\/Image\/Article_Le_Matin_Bleu_2005.jpg\" alt=\"\" width=\"435\" height=\"301\" \/><\/a><br \/>\nLe Matin Bleu, 2005<\/p>\n<hr \/>\n<p><a href=\"http:\/\/www.scoutlamoliere.ch\/attachments\/File\/Article_La_Broye_2007.pdf\"><img loading=\"lazy\" decoding=\"async\" src=\"http:\/\/www.scoutlamoliere.ch\/attachments\/Image\/Article_La_Broye_2007.jpg\" alt=\"\" width=\"1044\" height=\"673\" \/><\/a><br \/>\nLa Broye, 2007<\/p>\n<hr \/>\n<p><a href=\"http:\/\/www.scoutlamoliere.ch\/attachments\/File\/Article_Le_Republicain_jeudi_24_juin_2010_2.pdf\"><img loading=\"lazy\" decoding=\"async\" src=\"http:\/\/www.scoutlamoliere.ch\/attachments\/Image\/Article_Le_Republicain_jeudi_24_juin_2010.jpg\" alt=\"\" width=\"438\" height=\"291\" \/><\/a><br \/>\nLe R\u00e9publicain, jeudi 24 juin 2010<\/p>\n<hr \/>\n<p><a href=\"http:\/\/www.scoutlamoliere.ch\/attachments\/File\/Article_La_Broye_jeudi_24_juin_2010.pdf\"><img loading=\"lazy\" decoding=\"async\" src=\"http:\/\/www.scoutlamoliere.ch\/attachments\/Image\/Article_La_Broye_jeudi_24_juin_2010.jpg\" alt=\"\" width=\"1042\" height=\"513\" \/><\/a><br \/>\nLa Broye, jeudi 24 juin 2010<\/p>\n<hr \/>\n<p><strong>Libretto du 30\u00e8me anniversaire <\/strong><\/p>\n<p>Merci \u00e0 nos g\u00e9n\u00e9reux donnateurs !<\/p>\n<p><a href=\"http:\/\/www.scoutlamoliere.ch\/attachments\/File\/Libretto_v5.pdf\"><img decoding=\"async\" src=\"http:\/\/www.scoutlamoliere.ch\/attachments\/Image\/Libretto_30__me.jpg\" alt=\"\" \/><\/a><\/p>\n<p>&nbsp;<\/p>\n<p><img loading=\"lazy\" decoding=\"async\" class=\"wp-image-1360 alignnone\" src=\"http:\/\/www.scoutlamoliere.ch\/wp-content\/uploads\/2014\/02\/Republicain_170524-e1498599793690-300x144.jpg\" alt=\"\" width=\"540\" height=\"259\" srcset=\"http:\/\/www.scoutlamoliere.ch\/wp-content\/uploads\/2014\/02\/Republicain_170524-e1498599793690-300x144.jpg 300w, http:\/\/www.scoutlamoliere.ch\/wp-content\/uploads\/2014\/02\/Republicain_170524-e1498599793690-768x368.jpg 768w, http:\/\/www.scoutlamoliere.ch\/wp-content\/uploads\/2014\/02\/Republicain_170524-e1498599793690-1024x491.jpg 1024w\" sizes=\"auto, (max-width: 540px) 100vw, 540px\" \/><\/p>\n<p><img loading=\"lazy\" decoding=\"async\" class=\"wp-image-1361 alignnone\" src=\"http:\/\/www.scoutlamoliere.ch\/wp-content\/uploads\/2014\/02\/Republicain_170524-2-e1498599807279-300x193.jpg\" alt=\"\" width=\"497\" height=\"320\" srcset=\"http:\/\/www.scoutlamoliere.ch\/wp-content\/uploads\/2014\/02\/Republicain_170524-2-e1498599807279-300x193.jpg 300w, http:\/\/www.scoutlamoliere.ch\/wp-content\/uploads\/2014\/02\/Republicain_170524-2-e1498599807279-768x494.jpg 768w, http:\/\/www.scoutlamoliere.ch\/wp-content\/uploads\/2014\/02\/Republicain_170524-2-e1498599807279-1024x659.jpg 1024w\" sizes=\"auto, (max-width: 497px) 100vw, 497px\" \/><br \/>\nLe R\u00e9publicain, jeudi 24 mai 2017<\/p>\n","protected":false},"excerpt":{"rendered":"<p>Vous trouvez ci-dessous quelques articles int\u00e9ressants parus dans la presse locale : Le Matin Bleu, 2005 La Broye, 2007 Le R\u00e9publicain, jeudi 24 juin 2010 La Broye, jeudi 24 juin 2010 Libretto du 30\u00e8me anniversaire Merci \u00e0 nos g\u00e9n\u00e9reux donnateurs ! &nbsp; Le R\u00e9publicain, jeudi 24 mai 2017<\/p>\n","protected":false},"author":1,"featured_media":0,"parent":0,"menu_order":0,"comment_status":"closed","ping_status":"closed","template":"","meta":{"footnotes":""},"class_list":["post-84","page","type-page","status-publish","hentry"],"_links":{"self":[{"href":"http:\/\/www.scoutlamoliere.ch\/index.php?rest_route=\/wp\/v2\/pages\/84","targetHints":{"allow":["GET"]}}],"collection":[{"href":"http:\/\/www.scoutlamoliere.ch\/index.php?rest_route=\/wp\/v2\/pages"}],"about":[{"href":"http:\/\/www.scoutlamoliere.ch\/index.php?rest_route=\/wp\/v2\/types\/page"}],"author":[{"embeddable":true,"href":"http:\/\/www.scoutlamoliere.ch\/index.php?rest_route=\/wp\/v2\/users\/1"}],"replies":[{"embeddable":true,"href":"http:\/\/www.scoutlamoliere.ch\/index.php?rest_route=%2Fwp%2Fv2%2Fcomments&post=84"}],"version-history":[{"count":6,"href":"http:\/\/www.scoutlamoliere.ch\/index.php?rest_route=\/wp\/v2\/pages\/84\/revisions"}],"predecessor-version":[{"id":1364,"href":"http:\/\/www.scoutlamoliere.ch\/index.php?rest_route=\/wp\/v2\/pages\/84\/revisions\/1364"}],"wp:attachment":[{"href":"http:\/\/www.scoutlamoliere.ch\/index.php?rest_route=%2Fwp%2Fv2%2Fmedia&parent=84"}],"curies":[{"name":"wp","href":"https:\/\/api.w.org\/{rel}","templated":true}]}}