{"id":96,"date":"2014-02-26T23:16:26","date_gmt":"2014-02-26T22:16:26","guid":{"rendered":"http:\/\/www.scoutlamoliere.ch\/?page_id=96"},"modified":"2025-11-17T20:15:17","modified_gmt":"2025-11-17T19:15:17","slug":"contact","status":"publish","type":"page","link":"http:\/\/www.scoutlamoliere.ch\/?page_id=96","title":{"rendered":"Contact"},"content":{"rendered":"<p><strong><em>Responsable de groupe : <\/em><\/strong><\/p>\n<p>SAVARY Marie<br \/>Route de Ch\u00e2tillon 2<br \/>1470 Lully<br \/>078 315 17 09<br \/><a href=\"mailto:scoutlamoliere@gmail.com\">scoutlamoliere@gmail.com<\/a><\/p>\n<p><strong><em>Pr\u00e9sidente :<\/em><\/strong><\/p>\n<p>BONNY Rapha\u00eblle<br \/>Route du Chola\u00efc 17<br \/>3961 Mission<br \/>076 461 61 72<br \/><a href=\"mailto:raphaelle.bonny@hotmail.ch\">raphaelle.bonny@hotmail.ch<\/a><\/p>\n<p><strong><em>Cabane : <\/em><\/strong><\/p>\n<p>GERBEX Etienne<br \/>La Vounaise 101<br \/>1489 Murist<br \/>026 666 13 25 ou 079 738 23 49<\/p>\n<p><em><strong>Economat : <\/strong><\/em><\/p>\n<p>Manon Savary<br \/>Route de Ch\u00e2tillon 2<br \/>1470 Lully\u00a0<br \/>076 602 32 31<\/p>\n<p>Maja Richards<br \/>Route des Muguets 3<br \/>1484 Aumont<br \/>077 528 42 60<\/p>\n\n\n<p><\/p>\n","protected":false},"excerpt":{"rendered":"<p>Responsable de groupe : SAVARY MarieRoute de Ch\u00e2tillon 21470 Lully078 315 17 09scoutlamoliere@gmail.com Pr\u00e9sidente : BONNY Rapha\u00eblleRoute du Chola\u00efc 173961 Mission076 461 61 72raphaelle.bonny@hotmail.ch Cabane : GERBEX EtienneLa Vounaise 1011489 Murist026 666 13 25 ou 079 738 23 49 Economat : Manon SavaryRoute de Ch\u00e2tillon 21470 Lully\u00a0076 602 32 31 Maja RichardsRoute des Muguets 31484 &hellip; <a href=\"http:\/\/www.scoutlamoliere.ch\/?page_id=96\" class=\"more-link\">Continuer la lecture de <span class=\"screen-reader-text\">Contact<\/span>  <span class=\"meta-nav\">&rarr;<\/span><\/a><\/p>\n","protected":false},"author":1,"featured_media":0,"parent":0,"menu_order":0,"comment_status":"closed","ping_status":"closed","template":"","meta":{"footnotes":""},"class_list":["post-96","page","type-page","status-publish","hentry"],"_links":{"self":[{"href":"http:\/\/www.scoutlamoliere.ch\/index.php?rest_route=\/wp\/v2\/pages\/96","targetHints":{"allow":["GET"]}}],"collection":[{"href":"http:\/\/www.scoutlamoliere.ch\/index.php?rest_route=\/wp\/v2\/pages"}],"about":[{"href":"http:\/\/www.scoutlamoliere.ch\/index.php?rest_route=\/wp\/v2\/types\/page"}],"author":[{"embeddable":true,"href":"http:\/\/www.scoutlamoliere.ch\/index.php?rest_route=\/wp\/v2\/users\/1"}],"replies":[{"embeddable":true,"href":"http:\/\/www.scoutlamoliere.ch\/index.php?rest_route=%2Fwp%2Fv2%2Fcomments&post=96"}],"version-history":[{"count":24,"href":"http:\/\/www.scoutlamoliere.ch\/index.php?rest_route=\/wp\/v2\/pages\/96\/revisions"}],"predecessor-version":[{"id":2047,"href":"http:\/\/www.scoutlamoliere.ch\/index.php?rest_route=\/wp\/v2\/pages\/96\/revisions\/2047"}],"wp:attachment":[{"href":"http:\/\/www.scoutlamoliere.ch\/index.php?rest_route=%2Fwp%2Fv2%2Fmedia&parent=96"}],"curies":[{"name":"wp","href":"https:\/\/api.w.org\/{rel}","templated":true}]}}