{"id":11,"date":"2014-02-26T22:36:45","date_gmt":"2014-02-26T21:36:45","guid":{"rendered":"http:\/\/www.scoutlamoliere.ch\/?page_id=11"},"modified":"2024-05-27T19:55:45","modified_gmt":"2024-05-27T18:55:45","slug":"activites","status":"publish","type":"page","link":"https:\/\/www.scoutlamoliere.ch\/?page_id=11","title":{"rendered":"Activit\u00e9s"},"content":{"rendered":"<p>Le groupement scout de La Moli\u00e8re propose de nombreuses activit\u00e9s dans le cadre de ses r\u00e9unions ou lors de ses camps d&rsquo;\u00e9t\u00e9. Vous trouvez un descriptif des principales activit\u00e9s que pratiquent les jeunes au sein de notre groupe.<\/p>\n<p><a title=\"Alpin\" href=\"http:\/\/www.scoutlamoliere.ch\/?page_id=43\">Alpin<\/a><\/p>\n<p><a title=\"Constructions\" href=\"http:\/\/www.scoutlamoliere.ch\/?page_id=45\">Constructions<\/a><\/p>\n<p><a title=\"Randonn\u00e9es \/ CO\" href=\"http:\/\/www.scoutlamoliere.ch\/?page_id=47\">Randonn\u00e9es \/ CO<\/a><\/p>\n<p><a title=\"Nuits\" href=\"http:\/\/www.scoutlamoliere.ch\/?page_id=49\">Nuits<\/a><\/p>\n<p><a title=\"Secourisme\" href=\"http:\/\/www.scoutlamoliere.ch\/?page_id=51\">Secourisme<\/a><\/p>\n<p><a title=\"Camp d\u2019\u00e9t\u00e9\" href=\"http:\/\/www.scoutlamoliere.ch\/?page_id=54\">Camp d&rsquo;\u00e9t\u00e9<\/a><\/p>\n","protected":false},"excerpt":{"rendered":"<p>Le groupement scout de La Moli\u00e8re propose de nombreuses activit\u00e9s dans le cadre de ses r\u00e9unions ou lors de ses camps d&rsquo;\u00e9t\u00e9. Vous trouvez un descriptif des principales activit\u00e9s que pratiquent les jeunes au sein de notre groupe. Alpin Constructions Randonn\u00e9es \/ CO Nuits Secourisme Camp d&rsquo;\u00e9t\u00e9<\/p>\n","protected":false},"author":1,"featured_media":1934,"parent":0,"menu_order":0,"comment_status":"closed","ping_status":"closed","template":"","meta":{"footnotes":""},"class_list":["post-11","page","type-page","status-publish","has-post-thumbnail","hentry"],"_links":{"self":[{"href":"https:\/\/www.scoutlamoliere.ch\/index.php?rest_route=\/wp\/v2\/pages\/11","targetHints":{"allow":["GET"]}}],"collection":[{"href":"https:\/\/www.scoutlamoliere.ch\/index.php?rest_route=\/wp\/v2\/pages"}],"about":[{"href":"https:\/\/www.scoutlamoliere.ch\/index.php?rest_route=\/wp\/v2\/types\/page"}],"author":[{"embeddable":true,"href":"https:\/\/www.scoutlamoliere.ch\/index.php?rest_route=\/wp\/v2\/users\/1"}],"replies":[{"embeddable":true,"href":"https:\/\/www.scoutlamoliere.ch\/index.php?rest_route=%2Fwp%2Fv2%2Fcomments&post=11"}],"version-history":[{"count":6,"href":"https:\/\/www.scoutlamoliere.ch\/index.php?rest_route=\/wp\/v2\/pages\/11\/revisions"}],"predecessor-version":[{"id":1160,"href":"https:\/\/www.scoutlamoliere.ch\/index.php?rest_route=\/wp\/v2\/pages\/11\/revisions\/1160"}],"wp:featuredmedia":[{"embeddable":true,"href":"https:\/\/www.scoutlamoliere.ch\/index.php?rest_route=\/wp\/v2\/media\/1934"}],"wp:attachment":[{"href":"https:\/\/www.scoutlamoliere.ch\/index.php?rest_route=%2Fwp%2Fv2%2Fmedia&parent=11"}],"curies":[{"name":"wp","href":"https:\/\/api.w.org\/{rel}","templated":true}]}}