{"id":32,"date":"2014-02-26T22:46:52","date_gmt":"2014-02-26T21:46:52","guid":{"rendered":"http:\/\/www.scoutlamoliere.ch\/?page_id=32"},"modified":"2024-05-22T06:12:23","modified_gmt":"2024-05-22T05:12:23","slug":"historique","status":"publish","type":"page","link":"https:\/\/www.scoutlamoliere.ch\/?page_id=32","title":{"rendered":"Historique"},"content":{"rendered":"<div><b><span style=\"font-size: x-large;\">1980-1990\u00a0 \u00a0 \u00a0 \u00a0 \u00a0 \u00a0 \u00a0 \u00a0 \u00a0<\/span><\/b><\/div>\n<p><img loading=\"lazy\" decoding=\"async\" class=\"aligncenter\" src=\"http:\/\/www.scoutlamoliere.ch\/attachments\/Image\/Hist_Drapeau1990.jpg\" alt=\"\" width=\"334\" height=\"500\" \/><\/p>\n<p align=\"justify\">Le Groupe scout\u00a0\u00abLa Moli\u00e8re\u00a0\u00bb\u00a0a \u00e9t\u00e9 fond\u00e9 en 1980 \u00e0 Murist sur l\u2019initiative de messieurs Gilbert Monneron, Jean Sandoz, Fernand Bossy et le p\u00e8re Ribeaud.\u00a0Dans ces premi\u00e8res ann\u00e9es, le groupe avait un effectif modeste et les activit\u00e9s \u00e9taient bas\u00e9es sur l\u2019organisation de camp dont l\u2019objectif \u00e9tait essentiellement de savoir vivre et se d\u00e9brouiller dans la nature. Un des faits marquant de cette p\u00e9riode fut le camp en Tunisie en 1983. Les r\u00e9unions bimensuelles furent introduites cette ann\u00e9e-l\u00e0.<\/p>\n<p align=\"justify\">La cabane, dans sa premi\u00e8re version, vit \u00e9galement le jour dans ce d\u00e9but de d\u00e9cennie. Le premier camp de groupe eut lieu en 1984 \u00e0 St-Barth\u00e9lemy durant lequel furent introduites les \u00e9preuves des promesses.Entre 1985 et 1990, le groupement atteint un rythme de croisi\u00e8re m\u00ealant r\u00e9unions, camps d\u2019\u00e9t\u00e9, principalement dans les Pr\u00e9alpes fribourgeoises et camps de ski au Grand St-Bernard. En 1990, le groupe inaugure son drapeau lors du 10\u00e8me anniversaire. Le parrain et la marraine sont Maurice Bourqui et Marianne Pillonel ci-contre. Un camp en Ecosse est organis\u00e9 pour les moniteurs.<\/p>\n<div><b><span style=\"font-size: x-large;\">1990-2000<\/span><\/b><\/div>\n<p align=\"justify\">De 1990 \u00e0 1999, l\u2019effectif du groupement augmente consid\u00e9rablement pour atteindre un maximum de 130 scouts. Les lieux de camp sont plus \u00e9loign\u00e9s notamment celui de Nant-sous-St-Anne (France) en 1992 ou celui du Simplon en 1994. Les soir\u00e9es des parents deviennent de v\u00e9ritables shows en musique comme \u00e0 Sugiez en 1995 durant laquelle le groupe fait une d\u00e9monstration des activit\u00e9s de la PC ou encore la c\u00e9r\u00e9monie du drapeau aux Verri\u00e8res en 1997.<\/p>\n<p align=\"justify\">Trois camps \u00e0 l\u2019\u00e9tranger sont en outre organis\u00e9s durant cette p\u00e9riode\u00a0: Isra\u00ebl en 1993, la Tha\u00eflande en 1995 et l\u2019Ecosse pour la deuxi\u00e8me fois en 1999 ci-dessus.<\/p>\n<p align=\"justify\">Le groupe conna\u00eet quelques restructurations avec l\u2019introduction d\u2019un conseil des chefs et la cr\u00e9ation de la Fondation g\u00e9rant la cabane. Cette derni\u00e8re subit passablement de r\u00e9novations pour acqu\u00e9rir son aspect actuel. En 2000, le 20\u00e8me anniversaire cl\u00f4t une d\u00e9cennie pleine de succ\u00e8s.<\/p>\n<div><img loading=\"lazy\" decoding=\"async\" class=\"aligncenter\" src=\"http:\/\/www.scoutlamoliere.ch\/attachments\/Image\/Hist_Ecosse1999.jpg\" alt=\"\" width=\"550\" height=\"310\" \/><\/div>\n<div><b><span style=\"font-size: x-large;\">2000-2010<\/span><\/b><\/div>\n<p align=\"justify\">Au d\u00e9but des ann\u00e9es 2000, l\u2019attrait du scoutisme s\u2019essouffle quelque peu au vu du nombre consid\u00e9rable d\u2019activit\u00e9s disponibles pour les jeunes. Le groupement est touch\u00e9 par ce ph\u00e9nom\u00e8ne et voit son effectif baisser \u00e0 environ\u00a090 membres actifs en moyenne.<\/p>\n<p align=\"justify\">Au niveau des activit\u00e9s, le camp d\u2019\u00e9t\u00e9 de Chandolin en 2000 (ci-dessous) reste dans les m\u00e9moires pour \u00eatre l\u2019un des plus rigoureux avec de la neige en plein mois de juillet alors qu\u2019en 2003, au Jaun, on profite d\u2019une m\u00e9t\u00e9o exceptionnelle en pleine canicule.<\/p>\n<p align=\"justify\">L\u2019ann\u00e9e 2006 n\u2019est pas en reste, avec l\u2019organisation du seul camp \u00e0 l\u2019\u00e9tranger de la d\u00e9cennie pour les moniteurs\u00a0: Norge 06. En 2007, c\u2019est le centi\u00e8me du scoutisme qui est le haut point de cette p\u00e9riode. Une ann\u00e9e plus tard, en 2008, le groupement se dote de nouveaux statuts en conformit\u00e9 avec les exigences en vigueur. Au niveau cantonal, le groupe acquiert une certaine r\u00e9putation surtout pour ses comp\u00e9tences techniques notamment lors des formations Jeunesse et Sport.<\/p>\n<div><img loading=\"lazy\" decoding=\"async\" class=\"aligncenter\" src=\"http:\/\/www.scoutlamoliere.ch\/attachments\/Image\/Hist_Camp2000.jpg\" alt=\"\" width=\"550\" height=\"368\" \/><\/div>\n<p align=\"justify\">Malgr\u00e9 un d\u00e9but difficile cette troisi\u00e8me d\u00e9cennie fut pleine de succ\u00e8s, de r\u00e9ussite et pr\u00e9sume en toute confiance de la p\u00e9rennit\u00e9\u00a0de notre groupement.<\/p>\n<hr \/>\n<div>\n<div><b><span style=\"font-size: x-large;\">Liste des camps et faits marquants<\/span><\/b><\/div>\n<div><\/div>\n<\/div>\n<div>1980 Fondation du groupe<\/div>\n<div>1980 Zinal<\/div>\n<div>1981 La Sarine (descente en barques)<\/div>\n<div>1982 Assens<\/div>\n<div>1982 Jura<\/div>\n<div>1982 Zinal (camp de ski)<\/div>\n<div>1982 Construction de la cabane<\/div>\n<div>1983 Assens (camp lutins)<\/div>\n<div>1983 Paccots (camp louveteaux)<\/div>\n<div>1983 Motier-Vully (camp \u00e9claireuses)<\/div>\n<div>1983 Savi\u00e8ze (camp \u00e9claireurs)<\/div>\n<div>1983 Tunisie<\/div>\n<div>1983 Champ\u00e9ry (camp de ski)<\/div>\n<div>1984 St-Barth\u00e9l\u00e9my (1er camp de groupe)<\/div>\n<div>1985 Gros Mont Chalet du Pr\u00e2let I<br \/>\n1986 \u00e0 1992 Grd St-Bernard (camp ski)<\/div>\n<div>1986 Valsainte<\/div>\n<div>1986 Tessin<\/div>\n<div>1987 Pr\u00e2let II<\/div>\n<div>1988 Les Alli\u00e8res<\/div>\n<div>1989 Heitenried<\/div>\n<div>1990 Jaun I<\/div>\n<div>1990 Ecosse<br \/>\n1990 Inauguration du drapeau &#8211; 10<sup>\u00e8me<\/sup><\/div>\n<div>1991 Del\u00e9mont<\/div>\n<div>1992 Nant-sous-St-Anne (France)<\/div>\n<div>1993 Jaun II<\/div>\n<div>1993 Isra\u00ebl<\/div>\n<div>1994 Thyon-Les Collons (camp de ski)<\/div>\n<div>1994 Simplon<\/div>\n<div>1995 Cr\u00e9ation de la Fondation<\/div>\n<div>1995 Sugiez<\/div>\n<div>1995 Thailande<\/div>\n<div>1996 Lenk<\/div>\n<div>1997 Les Verri\u00e8res<\/div>\n<div>1998 Villars Bretaye<\/div>\n<div>1999 Les Paccots I<\/div>\n<div>1999 Ecosse<\/div>\n<div>2000 Chandolin<\/div>\n<div>2000 20<sup>\u00e8me<\/sup> anniversaire<\/div>\n<div>2001 Panex<\/div>\n<div>2002 Couvet<\/div>\n<div>2003 Jaun III<\/div>\n<div>2004 Les Paccots II<\/div>\n<div>2005 Riffenmatt<\/div>\n<div>2006 Creux du Van (cadets- cadettes)<\/div>\n<div>2006 Rougemont (\u00e9claireurs-\u00e9claireuses)<\/div>\n<div>2006 Sugiez (lutins-louveteaux)<\/div>\n<div>2006 Norge 06<\/div>\n<div>2007 100<sup>\u00e8me<\/sup> du scoutisme<\/div>\n<div>2007 Mont de Tramelan<\/div>\n<div>2008 Jaun IV<\/div>\n<div>2009 Les Siernes d\u2019Albeuve<\/div>\n<div>2010 30<sup>\u00e8me<\/sup> anniversaire<\/div>\n<div>2010 Froideville<\/div>\n<div>2011 Islande<\/div>\n<div>2012 Les Diablerets<\/div>\n<div>2013 Les Paccots<\/div>\n<div>2014 La T\u00eate de Ran<\/div>\n<div>2015 Steffisburg<\/div>\n<div>2016 Mongolie<\/div>\n<div>2017 Hochwald<\/div>\n<div>2018 Sembrancher<\/div>\n<div>2019 Couvet<\/div>\n<div>2020 Sciernes d&rsquo;Albeuve<\/div>\n<div>2021 Souboz<\/div>\n<div>2022 Su\u00e8de<\/div>\n<div>2023 Steffisburg<\/div>\n<hr \/>\n<div><b><span style=\"font-size: x-large;\">Trois photos, trois p\u00e9riodes un esprit scout toujours intact<\/span><\/b><\/div>\n<p align=\"justify\">Depuis les ann\u00e9es huitante, o\u00f9 le groupement fait ses d\u00e9buts, la volont\u00e9 de vivre dans la nature, selon les techniques et l\u2019esprit scout est pr\u00e9sente. Si les d\u00e9buts sont rudimentaires, la bonne humeur n\u2019y est pas moins de mise.<\/p>\n<div><img loading=\"lazy\" decoding=\"async\" class=\"aligncenter\" src=\"http:\/\/www.scoutlamoliere.ch\/attachments\/Image\/Hist_parlet_1984.jpg\" alt=\"\" width=\"532\" height=\"361\" hspace=\"12\" \/><\/div>\n<p>Camp du Pr\u00e2let, 1985<\/p>\n<p>Dans les ann\u00e9es nonante, le groupement est devenu important avec pr\u00e8s de 100 scouts, signant en quelque sorte l\u2019apog\u00e9e du groupe.<\/p>\n<div><img loading=\"lazy\" decoding=\"async\" class=\"aligncenter\" src=\"http:\/\/www.scoutlamoliere.ch\/attachments\/CropImages\/1b619c9621a9b2637c59530f3be0dd6a.jpeg\" alt=\"\" width=\"560\" height=\"412\" hspace=\"12\" \/><\/div>\n<p>Camp de la Lenk, 1996<\/p>\n<p>Depuis le tournant du mill\u00e9naire, les m\u00e9thodes \u00e9voluent avec la formation donn\u00e9e par J+S vers une p\u00e9dagogie plus actuelle. Le nombre de scouts se stabilise autour de 80.<\/p>\n<div><img loading=\"lazy\" decoding=\"async\" class=\"aligncenter\" src=\"http:\/\/www.scoutlamoliere.ch\/attachments\/Image\/Hist_Albeuve_2009.JPG\" alt=\"\" width=\"508\" height=\"382\" hspace=\"12\" \/><\/div>\n<p>Camp Albeuve, 2009<\/p>\n","protected":false},"excerpt":{"rendered":"<p>1980-1990\u00a0 \u00a0 \u00a0 \u00a0 \u00a0 \u00a0 \u00a0 \u00a0 \u00a0 Le Groupe scout\u00a0\u00abLa Moli\u00e8re\u00a0\u00bb\u00a0a \u00e9t\u00e9 fond\u00e9 en 1980 \u00e0 Murist sur l\u2019initiative de messieurs Gilbert Monneron, Jean Sandoz, Fernand Bossy et le p\u00e8re Ribeaud.\u00a0Dans ces premi\u00e8res ann\u00e9es, le groupe avait un effectif modeste et les activit\u00e9s \u00e9taient bas\u00e9es sur l\u2019organisation de camp dont l\u2019objectif \u00e9tait essentiellement &hellip; <a href=\"https:\/\/www.scoutlamoliere.ch\/?page_id=32\" class=\"more-link\">Continuer la lecture de <span class=\"screen-reader-text\">Historique<\/span>  <span class=\"meta-nav\">&rarr;<\/span><\/a><\/p>\n","protected":false},"author":1,"featured_media":0,"parent":0,"menu_order":0,"comment_status":"closed","ping_status":"closed","template":"","meta":{"footnotes":""},"class_list":["post-32","page","type-page","status-publish","hentry"],"_links":{"self":[{"href":"https:\/\/www.scoutlamoliere.ch\/index.php?rest_route=\/wp\/v2\/pages\/32","targetHints":{"allow":["GET"]}}],"collection":[{"href":"https:\/\/www.scoutlamoliere.ch\/index.php?rest_route=\/wp\/v2\/pages"}],"about":[{"href":"https:\/\/www.scoutlamoliere.ch\/index.php?rest_route=\/wp\/v2\/types\/page"}],"author":[{"embeddable":true,"href":"https:\/\/www.scoutlamoliere.ch\/index.php?rest_route=\/wp\/v2\/users\/1"}],"replies":[{"embeddable":true,"href":"https:\/\/www.scoutlamoliere.ch\/index.php?rest_route=%2Fwp%2Fv2%2Fcomments&post=32"}],"version-history":[{"count":49,"href":"https:\/\/www.scoutlamoliere.ch\/index.php?rest_route=\/wp\/v2\/pages\/32\/revisions"}],"predecessor-version":[{"id":1911,"href":"https:\/\/www.scoutlamoliere.ch\/index.php?rest_route=\/wp\/v2\/pages\/32\/revisions\/1911"}],"wp:attachment":[{"href":"https:\/\/www.scoutlamoliere.ch\/index.php?rest_route=%2Fwp%2Fv2%2Fmedia&parent=32"}],"curies":[{"name":"wp","href":"https:\/\/api.w.org\/{rel}","templated":true}]}}