{"id":45,"date":"2014-02-26T22:55:33","date_gmt":"2014-02-26T21:55:33","guid":{"rendered":"http:\/\/www.scoutlamoliere.ch\/?page_id=45"},"modified":"2024-05-27T20:19:20","modified_gmt":"2024-05-27T19:19:20","slug":"constructions","status":"publish","type":"page","link":"https:\/\/www.scoutlamoliere.ch\/?page_id=45","title":{"rendered":"Constructions"},"content":{"rendered":"<p align=\"JUSTIFY\">Changer les alentours, construire\u2026 b\u00e2tir tous ensemble un nouveau monde\u2026 r\u00e9aliser une habitation de groupe\u2026 chercher des solutions aux nouveaux probl\u00e8mes, r\u00e9aliser des id\u00e9es\u2026 tout cela est tr\u00e8s important pour des enfants et des adolescents habitant des maisons et des immeubles o\u00f9 tout est am\u00e9nag\u00e9. C\u2019est pour cela que la construction a une large place dans les activit\u00e9s scoutes.<\/p>\n<p align=\"JUSTIFY\">\n<p align=\"JUSTIFY\"><img loading=\"lazy\" decoding=\"async\" class=\"alignnone size-full wp-image-1941\" src=\"http:\/\/www.scoutlamoliere.ch\/wp-content\/uploads\/2024\/05\/Steffisburg_2023_37.jpg\" alt=\"\" width=\"1075\" height=\"1434\" srcset=\"https:\/\/www.scoutlamoliere.ch\/wp-content\/uploads\/2024\/05\/Steffisburg_2023_37.jpg 1075w, https:\/\/www.scoutlamoliere.ch\/wp-content\/uploads\/2024\/05\/Steffisburg_2023_37-225x300.jpg 225w, https:\/\/www.scoutlamoliere.ch\/wp-content\/uploads\/2024\/05\/Steffisburg_2023_37-768x1024.jpg 768w\" sizes=\"auto, (max-width: 1075px) 100vw, 1075px\" \/><\/p>\n<h3><img loading=\"lazy\" decoding=\"async\" class=\"alignnone size-full wp-image-1937\" src=\"http:\/\/www.scoutlamoliere.ch\/wp-content\/uploads\/2024\/05\/Camp_Souboz_2021_2021-08-08.jpeg\" alt=\"\" width=\"1488\" height=\"1984\" srcset=\"https:\/\/www.scoutlamoliere.ch\/wp-content\/uploads\/2024\/05\/Camp_Souboz_2021_2021-08-08.jpeg 1488w, https:\/\/www.scoutlamoliere.ch\/wp-content\/uploads\/2024\/05\/Camp_Souboz_2021_2021-08-08-225x300.jpeg 225w, https:\/\/www.scoutlamoliere.ch\/wp-content\/uploads\/2024\/05\/Camp_Souboz_2021_2021-08-08-768x1024.jpeg 768w, https:\/\/www.scoutlamoliere.ch\/wp-content\/uploads\/2024\/05\/Camp_Souboz_2021_2021-08-08-1152x1536.jpeg 1152w\" sizes=\"auto, (max-width: 1488px) 100vw, 1488px\" \/><\/h3>\n<h3>Techniques de constructions<\/h3>\n<p align=\"JUSTIFY\">Une construction comportes des techniques plus ou moins difficiles que chaque scout apprend et met en pratique selon ses capacit\u00e9s. L\u2019apprentissage de ces techniques ne s\u2019av\u00e8re pas utile que dans le cadre des scouts mais peut aussi servir dans la vie de tous les jours.<\/p>\n<h4><em>Les n\u0153uds<\/em><\/h4>\n<p align=\"JUSTIFY\">Les techniques de n\u0153uds comportent la diff\u00e9rentiation des <b>cordes<\/b> et leurs utilisations respectives, comment les entretenir, comment les enrouler ou comment venir \u00e0 bout d\u2019une corde emm\u00eal\u00e9e.<\/p>\n<p align=\"JUSTIFY\">Elles comportent surtout <b>les<\/b> <b>br\u00e9lages et les n\u0153uds <\/b>dont l\u2019usage est des plus important dans les techniques de constructions.<\/p>\n<p align=\"center\"><img loading=\"lazy\" decoding=\"async\" src=\"http:\/\/www.scoutlamoliere.ch\/activites\/images\/Image2.gif\" alt=\"\" width=\"355\" height=\"89\" align=\"texttop\" \/><\/p>\n<p align=\"center\"><i>Br\u00e9lage carr\u00e9<\/i><\/p>\n<p align=\"center\"><img loading=\"lazy\" decoding=\"async\" src=\"http:\/\/www.scoutlamoliere.ch\/activites\/images\/Image3.gif\" alt=\"\" width=\"297\" height=\"110\" \/><\/p>\n<p align=\"center\"><i>Br\u00e9lage crois\u00e9<\/i><\/p>\n<p align=\"center\"><img loading=\"lazy\" decoding=\"async\" src=\"http:\/\/www.scoutlamoliere.ch\/activites\/images\/Image4.gif\" alt=\"\" width=\"363\" height=\"99\" \/><\/p>\n<div align=\"center\"><\/div>\n<p align=\"center\"><i>Br\u00e9lage diagonal<\/i><\/p>\n<p align=\"center\"><img loading=\"lazy\" decoding=\"async\" src=\"http:\/\/www.scoutlamoliere.ch\/activites\/images\/Image5.gif\" alt=\"\" width=\"430\" height=\"158\" \/><\/p>\n<p align=\"center\"><i>N\u0153ud de huit<\/i><\/p>\n<div align=\"center\"><\/div>\n<p align=\"center\"><img loading=\"lazy\" decoding=\"async\" src=\"http:\/\/www.scoutlamoliere.ch\/activites\/images\/Image6.gif\" alt=\"\" width=\"382\" height=\"113\" \/><\/p>\n<p align=\"center\"><i>N\u0153ud d\u2019amarre<\/i><\/p>\n<div align=\"center\"><\/div>\n<p align=\"center\"><img loading=\"lazy\" decoding=\"async\" src=\"http:\/\/www.scoutlamoliere.ch\/activites\/images\/Image7.gif\" alt=\"\" width=\"294\" height=\"125\" \/><\/p>\n<p align=\"center\"><i>N\u0153ud de demi-amarre<\/i><\/p>\n<p align=\"center\"><img loading=\"lazy\" decoding=\"async\" src=\"http:\/\/www.scoutlamoliere.ch\/activites\/images\/Image8.gif\" alt=\"\" width=\"363\" height=\"157\" \/><\/p>\n<p align=\"center\"><i>N\u0153ud carr\u00e9 (n\u0153ud du foulard)<\/i><\/p>\n<p align=\"center\"><img loading=\"lazy\" decoding=\"async\" src=\"http:\/\/www.scoutlamoliere.ch\/activites\/images\/Image9.gif\" alt=\"\" width=\"98\" height=\"165\" \/><\/p>\n<p align=\"center\"><i>N\u0153ud de Prusik (auto-blocant)<\/i><\/p>\n<h4><em>Le mat\u00e9riel<\/em><\/h4>\n<p align=\"JUSTIFY\">Un scout doit aussi savoir utiliser des <b>outils<\/b> pour entreprendre une construction. Il apprend \u00e0 se servir d\u2019une hache, d\u2019une scie ou d\u2019une pelle, comment les porter et les <b>entretenir<\/b> mais il apprend aussi les <b>consignes de s\u00e9curit\u00e9<\/b> afin de pr\u00e9venir tout accident<\/p>\n<p align=\"center\"><img loading=\"lazy\" decoding=\"async\" src=\"http:\/\/www.scoutlamoliere.ch\/activites\/images\/Image11.gif\" alt=\"\" width=\"391\" height=\"152\" \/><\/p>\n<p align=\"center\"><i>Utilisation correcte d\u2019une hache<\/i><\/p>\n<p align=\"center\"><img loading=\"lazy\" decoding=\"async\" src=\"http:\/\/www.scoutlamoliere.ch\/activites\/images\/Image10.gif\" alt=\"\" width=\"151\" height=\"173\" \/><\/p>\n<div align=\"center\"><i>Utilisation correcte d\u2019une hache<\/i><i> (2) <\/i><\/div>\n<p align=\"center\"><img loading=\"lazy\" decoding=\"async\" src=\"http:\/\/www.scoutlamoliere.ch\/activites\/images\/Image12.gif\" alt=\"\" width=\"451\" height=\"62\" \/><\/p>\n<p align=\"center\"><i>Utilisation correcte d\u2019une scie<\/i><\/p>\n<h4 align=\"JUSTIFY\"><\/h4>\n<h4><\/h4>\n<h4 align=\"JUSTIFY\"><\/h4>\n<h4><em>Types de constructions<\/em><\/h4>\n<p align=\"JUSTIFY\">Il faut aussi savoir ce que l\u2019on veut construire, quel type de <b>feux<\/b> on veut faire, quels sont les lieux les plus propices \u00e0 la construction d\u2019une <b>cuisine<\/b> ou de <b>latrines<\/b>, comment boutonner des toiles de tentes et o\u00f9 dresser une <b>tente.<\/b><\/p>\n<p align=\"center\"><img decoding=\"async\" src=\"http:\/\/www.scoutlamoliere.ch\/activites\/images\/Image13.gif\" alt=\"\" \/><\/p>\n<p align=\"center\"><i>Diff\u00e9rents types de feux (<b>1<\/b>. Pyramidal\u00a0; <b>2<\/b>. Polyn\u00e9sien\u00a0; <b>3<\/b>.B\u00fbcher\u00a0; <b>4<\/b>.De berger)<br \/>\n<\/i><\/p>\n<h3><\/h3>\n<p align=\"center\"><img loading=\"lazy\" decoding=\"async\" src=\"http:\/\/www.scoutlamoliere.ch\/activites\/images\/Image15.gif\" alt=\"\" width=\"343\" height=\"276\" \/><\/p>\n<p align=\"center\"><i>tours<\/i><\/p>\n<p align=\"center\"><i>\u00a0<\/i><\/p>\n<p align=\"center\"><img loading=\"lazy\" decoding=\"async\" src=\"http:\/\/www.scoutlamoliere.ch\/activites\/images\/Image16.gif\" alt=\"\" width=\"464\" height=\"294\" \/><\/p>\n<p align=\"center\"><i>plates-forme<\/i><\/p>\n<p align=\"center\"><i>\u00a0<\/i><\/p>\n<p align=\"center\"><img loading=\"lazy\" decoding=\"async\" src=\"http:\/\/www.scoutlamoliere.ch\/activites\/images\/Image17.gif\" alt=\"\" width=\"473\" height=\"258\" \/><\/p>\n<p align=\"center\"><i>mirradors<\/i><\/p>\n<p align=\"center\"><img decoding=\"async\" src=\"http:\/\/www.scoutlamoliere.ch\/activites\/images\/Image18.gif\" alt=\"\" \/><\/p>\n<p align=\"center\"><i>cuisini\u00e8res<\/i><\/p>\n<p align=\"center\"><i>\u00a0<\/i><\/p>\n<p align=\"center\"><img loading=\"lazy\" decoding=\"async\" src=\"http:\/\/www.scoutlamoliere.ch\/activites\/images\/Image19.gif\" alt=\"\" width=\"377\" height=\"153\" \/><\/p>\n<p align=\"center\"><i>\u00a0<\/i><\/p>\n<p align=\"center\"><img decoding=\"async\" src=\"http:\/\/www.scoutlamoliere.ch\/activites\/images\/Image20.gif\" alt=\"\" \/><\/p>\n<p align=\"center\"><i>\u00a0<\/i><\/p>\n<p align=\"center\"><span style=\"font-size: small;\"><img loading=\"lazy\" decoding=\"async\" src=\"http:\/\/www.scoutlamoliere.ch\/activites\/images\/Image22.gif\" alt=\"\" width=\"381\" height=\"224\" \/><\/span><\/p>\n<div align=\"center\">\n<p><i>fours <\/i><\/p>\n<\/div>\n<p align=\"center\"><span style=\"font-size: small;\"><img loading=\"lazy\" decoding=\"async\" src=\"http:\/\/www.scoutlamoliere.ch\/activites\/images\/Image23.gif\" alt=\"\" width=\"384\" height=\"205\" \/><\/span><\/p>\n<p align=\"center\"><i>thermos<\/i><\/p>\n<p align=\"center\"><span style=\"font-size: small;\"><img loading=\"lazy\" decoding=\"async\" src=\"http:\/\/www.scoutlamoliere.ch\/activites\/images\/Image24.gif\" alt=\"\" width=\"318\" height=\"401\" \/><\/span><\/p>\n<p align=\"center\"><i>passerelles<\/i><\/p>\n<p align=\"center\"><span style=\"font-size: small;\"><img loading=\"lazy\" decoding=\"async\" src=\"http:\/\/www.scoutlamoliere.ch\/activites\/images\/Image25.gif\" alt=\"\" width=\"345\" height=\"504\" \/><\/span><\/p>\n<p align=\"center\"><span style=\"font-size: small;\"><img decoding=\"async\" src=\"http:\/\/www.scoutlamoliere.ch\/activites\/images\/Image26.gif\" alt=\"\" \/><\/span><\/p>\n<p align=\"center\"><i>tables<\/i><\/p>\n<p>Webmaster, 22.05.2024<\/p>\n","protected":false},"excerpt":{"rendered":"<p>Changer les alentours, construire\u2026 b\u00e2tir tous ensemble un nouveau monde\u2026 r\u00e9aliser une habitation de groupe\u2026 chercher des solutions aux nouveaux probl\u00e8mes, r\u00e9aliser des id\u00e9es\u2026 tout cela est tr\u00e8s important pour des enfants et des adolescents habitant des maisons et des immeubles o\u00f9 tout est am\u00e9nag\u00e9. C\u2019est pour cela que la construction a une large place &hellip; <a href=\"https:\/\/www.scoutlamoliere.ch\/?page_id=45\" class=\"more-link\">Continuer la lecture de <span class=\"screen-reader-text\">Constructions<\/span>  <span class=\"meta-nav\">&rarr;<\/span><\/a><\/p>\n","protected":false},"author":1,"featured_media":1938,"parent":0,"menu_order":0,"comment_status":"closed","ping_status":"closed","template":"","meta":{"footnotes":""},"class_list":["post-45","page","type-page","status-publish","has-post-thumbnail","hentry"],"_links":{"self":[{"href":"https:\/\/www.scoutlamoliere.ch\/index.php?rest_route=\/wp\/v2\/pages\/45","targetHints":{"allow":["GET"]}}],"collection":[{"href":"https:\/\/www.scoutlamoliere.ch\/index.php?rest_route=\/wp\/v2\/pages"}],"about":[{"href":"https:\/\/www.scoutlamoliere.ch\/index.php?rest_route=\/wp\/v2\/types\/page"}],"author":[{"embeddable":true,"href":"https:\/\/www.scoutlamoliere.ch\/index.php?rest_route=\/wp\/v2\/users\/1"}],"replies":[{"embeddable":true,"href":"https:\/\/www.scoutlamoliere.ch\/index.php?rest_route=%2Fwp%2Fv2%2Fcomments&post=45"}],"version-history":[{"count":5,"href":"https:\/\/www.scoutlamoliere.ch\/index.php?rest_route=\/wp\/v2\/pages\/45\/revisions"}],"predecessor-version":[{"id":1945,"href":"https:\/\/www.scoutlamoliere.ch\/index.php?rest_route=\/wp\/v2\/pages\/45\/revisions\/1945"}],"wp:featuredmedia":[{"embeddable":true,"href":"https:\/\/www.scoutlamoliere.ch\/index.php?rest_route=\/wp\/v2\/media\/1938"}],"wp:attachment":[{"href":"https:\/\/www.scoutlamoliere.ch\/index.php?rest_route=%2Fwp%2Fv2%2Fmedia&parent=45"}],"curies":[{"name":"wp","href":"https:\/\/api.w.org\/{rel}","templated":true}]}}