{"id":51,"date":"2014-02-26T22:57:20","date_gmt":"2014-02-26T21:57:20","guid":{"rendered":"http:\/\/www.scoutlamoliere.ch\/?page_id=51"},"modified":"2016-10-02T13:52:36","modified_gmt":"2016-10-02T12:52:36","slug":"secourisme","status":"publish","type":"page","link":"https:\/\/www.scoutlamoliere.ch\/?page_id=51","title":{"rendered":"Secourisme"},"content":{"rendered":"<p>&nbsp;<\/p>\n<h3 align=\"center\"><img loading=\"lazy\" decoding=\"async\" src=\"http:\/\/www.scoutlamoliere.ch\/activites\/images\/secours2.JPG\" alt=\"\" width=\"240\" height=\"320\" align=\"left\" hspace=\"19\" \/><\/h3>\n<p align=\"justify\">Dans le cadre de nos activit\u00e9s, il est possible que vos enfants touchent des outils de travail quelque peu dangereux. Malgr\u00e9 tout, si nous ne pouvions pas utiliser la hache, la pelle ou la scie, nos activit\u00e9s s&rsquo;en trouveraient fort diminu\u00e9es et donc beaucoup moins int\u00e9ressantes. C&rsquo;est pour cela que le scoutisme se charge aussi d&rsquo;enseigner \u00e0 vos enfants les quelques gestes qui peuvent sauver une vie.<\/p>\n<p align=\"justify\">Chaque moniteur, suivant les buts fix\u00e9s pour leur unit\u00e9, effectuera au moins une fois durant la saison, un cour de secourisme qu&rsquo;il pourra appliquer aux enfants par diff\u00e9rents moyens. Ainsi, par un jeu ou une autre forme d&rsquo;activit\u00e9, votre enfant saura r\u00e9agir petit \u00e0 petit devant les accidents banals qu&rsquo;il peut arriver non seulement durant une r\u00e9union, mais aussi \u00e0 la maison ou \u00e0 l&rsquo;\u00e9cole.<\/p>\n<p align=\"justify\">Nous leur apprenons, tout d&rsquo;abord l&rsquo;utilit\u00e9 de leur foulard. Poss\u00e9dant une forme de triangle, on peut donc efficacement l&rsquo;utiliser pour faire tenir en \u00e9charpe un bras cass\u00e9 ou foul\u00e9. Il peut servir aussi comme bande compressive qui limite l&rsquo;h\u00e9morragie d&rsquo;une plaie. Les positions des bless\u00e9s sont aussi indispensables pour sauver une vie : savoir que l&rsquo;on met un bless\u00e9 inconscient en position lat\u00e9rale de s\u00e9curit\u00e9, que lorsqu&rsquo;une personne \u00e0 une h\u00e9morragie au niveau du ventre il faut lui plier les jambes et lui sur\u00e9lever le haut du corps\u2026<\/p>\n<p>&nbsp;<\/p>\n<h3 align=\"center\"><img loading=\"lazy\" decoding=\"async\" src=\"http:\/\/www.scoutlamoliere.ch\/attachments\/Image\/789882013a75a59992811c72f33ce6d1.JPG\" alt=\"\" width=\"320\" height=\"240\" align=\"right\" hspace=\"19\" vspace=\"19\" \/><\/h3>\n<p>&nbsp;<\/p>\n<p align=\"justify\">Mais nous mettons surtout l&rsquo;accent sur les incidents qui peuvent se produire lors des r\u00e9unions, comme les blessures caus\u00e9es par une hache ou une scie. Bien \u00e9videmment, lorsque les enfants utilisent ce genre d&rsquo;outils, le moniteur se trouve toujours \u00e0 proximit\u00e9 et, avant l&rsquo;usage, leur fait ses recommandations afin de limiter le danger.<\/p>\n<p align=\"justify\">Une chose est s\u00fbre, il y a toujours un risque de se blesser et ce risque n&rsquo;est pas plus important lors d&rsquo;une r\u00e9union scoute qu&rsquo;en dehors des activit\u00e9s. C&rsquo;est pour ces raisons que le secourisme nous semble important et que nous le travaillons \u00e0 tout \u00e2ge pour que vos enfants puissent se montrer utile dans de telles situations.<\/p>\n<p><i> Jo\u00eblle Molleyres<\/i><\/p>\n<p>&nbsp;<\/p>\n","protected":false},"excerpt":{"rendered":"<p>&nbsp; Dans le cadre de nos activit\u00e9s, il est possible que vos enfants touchent des outils de travail quelque peu dangereux. Malgr\u00e9 tout, si nous ne pouvions pas utiliser la hache, la pelle ou la scie, nos activit\u00e9s s&rsquo;en trouveraient fort diminu\u00e9es et donc beaucoup moins int\u00e9ressantes. C&rsquo;est pour cela que le scoutisme se charge &hellip; <a href=\"https:\/\/www.scoutlamoliere.ch\/?page_id=51\" class=\"more-link\">Continuer la lecture de <span class=\"screen-reader-text\">Secourisme<\/span>  <span class=\"meta-nav\">&rarr;<\/span><\/a><\/p>\n","protected":false},"author":1,"featured_media":1173,"parent":0,"menu_order":0,"comment_status":"closed","ping_status":"closed","template":"","meta":{"footnotes":""},"class_list":["post-51","page","type-page","status-publish","has-post-thumbnail","hentry"],"_links":{"self":[{"href":"https:\/\/www.scoutlamoliere.ch\/index.php?rest_route=\/wp\/v2\/pages\/51","targetHints":{"allow":["GET"]}}],"collection":[{"href":"https:\/\/www.scoutlamoliere.ch\/index.php?rest_route=\/wp\/v2\/pages"}],"about":[{"href":"https:\/\/www.scoutlamoliere.ch\/index.php?rest_route=\/wp\/v2\/types\/page"}],"author":[{"embeddable":true,"href":"https:\/\/www.scoutlamoliere.ch\/index.php?rest_route=\/wp\/v2\/users\/1"}],"replies":[{"embeddable":true,"href":"https:\/\/www.scoutlamoliere.ch\/index.php?rest_route=%2Fwp%2Fv2%2Fcomments&post=51"}],"version-history":[{"count":3,"href":"https:\/\/www.scoutlamoliere.ch\/index.php?rest_route=\/wp\/v2\/pages\/51\/revisions"}],"predecessor-version":[{"id":1174,"href":"https:\/\/www.scoutlamoliere.ch\/index.php?rest_route=\/wp\/v2\/pages\/51\/revisions\/1174"}],"wp:featuredmedia":[{"embeddable":true,"href":"https:\/\/www.scoutlamoliere.ch\/index.php?rest_route=\/wp\/v2\/media\/1173"}],"wp:attachment":[{"href":"https:\/\/www.scoutlamoliere.ch\/index.php?rest_route=%2Fwp%2Fv2%2Fmedia&parent=51"}],"curies":[{"name":"wp","href":"https:\/\/api.w.org\/{rel}","templated":true}]}}