{"id":73,"date":"2014-02-26T23:09:33","date_gmt":"2014-02-26T22:09:33","guid":{"rendered":"http:\/\/www.scoutlamoliere.ch\/?page_id=73"},"modified":"2016-08-13T07:29:41","modified_gmt":"2016-08-13T06:29:41","slug":"rapport-norge-06","status":"publish","type":"page","link":"https:\/\/www.scoutlamoliere.ch\/?page_id=73","title":{"rendered":"Journal NORGE 06"},"content":{"rendered":"<div>Comme vous le savez s\u00fbrement d\u00e9j\u00e0 tous, l&rsquo;\u00e9quipe des moniteurs s&rsquo;est accord\u00e9e, du 3 au 12 ao\u00fbt 2006, un voyage en Norv\u00e8ge. Apr\u00e8s s&rsquo;\u00eatre rempli les yeux de paysages grandioses et de vues surprenantes, le moment est venu de vous raconter ce p\u00e9riple \u00e0 dix-huit, au nord de l&rsquo;Europe.<\/div>\n<div align=\"justify\"><b><br \/>\n<\/b><\/div>\n<table border=\"1\" width=\"700\" cellspacing=\"1\" cellpadding=\"1\" align=\"center\">\n<tbody>\n<tr>\n<td><b><b><br \/>\nJeudi 3 ao\u00fbt<\/b><\/b><\/p>\n<div><img loading=\"lazy\" decoding=\"async\" src=\"http:\/\/www.scoutlamoliere.ch\/groupement\/images\/NORGE06_50.jpg\" alt=\"\" width=\"320\" height=\"240\" align=\"right\" hspace=\"10\" \/><\/div>\n<div>Rendez-vous \u00e0 la gare d&rsquo;Yverdon-les-Bains \u00e0 7h30 du matin \u00e9videment. Les dix-huit aventuriers sont au rendez-vous pour partir \u00e0 la conqu\u00eate du grand nord. Mais avant de s&rsquo;attaquer aux fjords norv\u00e9giens, il va falloir d\u00e9coller sans trop de probl\u00e8mes depuis Gen\u00e8ve-Cointrin, faire escale \u00e0 Amsterdam pour ensuite s&rsquo;envoler en direction de Bergen, ville de la c\u00f4te ouest norv\u00e9gienne, o\u00f9 il pleut en moyenne 2 jours sur 3. R\u00e9jouissant n&rsquo;est-ce pas?<\/div>\n<div>Arriv\u00e9e sur terre norv\u00e9gienne. Premi\u00e8re constatation: les transports en commun sont tr\u00e8s bien organis\u00e9s. N&rsquo;ayant plus le temps de gravir une des collines entourant la ville portuaire, nous prenons le t\u00e9l\u00e9ph\u00e9rique qui r\u00e9ussit \u00e0 transporter 18 personnes et 18 sacs. Apr\u00e8s le montage des tentes au sommet, le soleil se coucha vers 23h00 et nous offrit un sublime coucher de soleil.<\/div>\n<\/td>\n<\/tr>\n<tr>\n<td>\n<div align=\"justify\"><b><b><br \/>\nVendredi 4 ao\u00fbt<\/b><\/b><\/div>\n<div><img loading=\"lazy\" decoding=\"async\" src=\"http:\/\/www.scoutlamoliere.ch\/groupement\/images\/NORGE06_143.jpg\" alt=\"\" width=\"320\" height=\"240\" align=\"left\" hspace=\"10\" \/><\/div>\n<div>5h00 tout le monde debout! Nous nous r\u00e9veillons devant une vue \u00e0 couper le souffle, le voyage commence bien. Descente ardue de l&rsquo;Ulriken. Premier bilan: cloques multiples, maux de genoux\u2026<\/div>\n<div>Nous prenons le bus jusqu&rsquo;\u00e0 Torvikbygd un petit village non loin de Norheimsund. Apr\u00e8s avoir trouv\u00e9 un endroit pour passer la nuit nous partons de 0 m sous 30\u00b0 \u00e0 l&rsquo;ombre pour l&rsquo;ascension du Vesoldo qui est \u00e0 1046 m d&rsquo;altitude. Vue et paysage magnifique depuis le sommet. Retour assez tard dans la nuit pour camper \u00e0 quelques m\u00e8tres d&rsquo;un lac norv\u00e9gien. Bilan: douleurs, soif, crampes, cloques, articulations d\u00e9truites\u2026<\/div>\n<\/td>\n<\/tr>\n<tr>\n<td>\n<div align=\"justify\"><b><b><br \/>\nSamedi 5 ao\u00fbt<\/b><\/b><\/div>\n<div>R\u00e9veil \u00e0 9h00, c&rsquo;est presque une grasse matin\u00e9e. On part en bus pour Odda. Comme la Norv\u00e8ge est un pays plein de fjords nous voil\u00e0 embarqu\u00e9s dans un ferry. Ensuite nous prenons plusieurs bus pour arriver \u00e0 Stavanger une ville plus au sud de Bergen en fin d&rsquo;apr\u00e8s-midi puis colonisons le camping de Moswangen qui va rester notre QG pendant plusieurs jours.<\/div>\n<p>&nbsp;<\/td>\n<\/tr>\n<tr>\n<td><b><br \/>\nDimanche 6 ao\u00fbt <\/b><\/p>\n<div><img loading=\"lazy\" decoding=\"async\" src=\"http:\/\/www.scoutlamoliere.ch\/groupement\/images\/NORGE06_293.jpg\" alt=\"\" width=\"320\" height=\"240\" align=\"right\" hspace=\"10\" \/><\/div>\n<p>La journ\u00e9e d\u00e9marre par un sprint car nous nous trompons de port mais heureusement arrivons quand m\u00eame \u00e0 prendre le ferry pour nous rendre \u00e0 un bus qui lui nous m\u00e8nera au pied du Preikestolen. Arriv\u00e9 en haut c&rsquo;est fabuleux, il y a plus qu&rsquo;\u00e0 s&rsquo;\u00e9tendre au bord du pr\u00e9cipice et admirer le fjord qui se trouve \u00e0 environ 600m en dessous, tout de m\u00eame on ne voit pas \u00e7a tout les jours. Un peu plus tard nous apprenons qu&rsquo;il pleut en Suisse, alors que l\u00e0-bas (en Norv\u00e8ge) on croule sous une chaleur accablante et pourtant ce pays est r\u00e9put\u00e9 pour \u00eatre l&rsquo;endroit, o\u00f9 il pleut le plus en Europe. Le soir on s&rsquo;offre un banquet sur gazon (fruits, fromage, chips, charcuterie, sardines, jambon, olives\u2026).<\/p>\n<p>&nbsp;<\/td>\n<\/tr>\n<tr>\n<td>\n<div><\/div>\n<div><img loading=\"lazy\" decoding=\"async\" src=\"http:\/\/www.scoutlamoliere.ch\/groupement\/images\/NORGE06_324.jpg\" alt=\"\" width=\"240\" height=\"320\" align=\"left\" hspace=\"10\" \/><\/div>\n<div><\/div>\n<div><\/div>\n<div align=\"justify\"><b>Lundi 7 ao\u00fbt <\/b><\/div>\n<p align=\"justify\">Nous nous rendons aux Ep\u00e9es vikings taill\u00e9es dans le roc au bord de la mer. Nous y parvenons, mais avec 1 ou 2 km de trop dans les jambes\u2026 L&rsquo;apr\u00e8s-midi est libre pour parcourir les rues de Stavanger de long et en large. Au repas du soir: p\u00e2tes du chalet.<\/p>\n<div><\/div>\n<\/td>\n<\/tr>\n<tr>\n<td>\n<div><\/div>\n<div><img loading=\"lazy\" decoding=\"async\" src=\"http:\/\/www.scoutlamoliere.ch\/groupement\/images\/NORGE06_495.jpg\" alt=\"\" width=\"240\" height=\"320\" align=\"right\" hspace=\"10\" \/><\/div>\n<div align=\"justify\"><b>Mardi 8 ao\u00fbt <\/b><\/div>\n<p align=\"justify\">Paquetage complet pour le d\u00e9part en direction du Kjeragolten. On prend le ferry, comme d&rsquo;habitude. Spectacle des phoques sauvages dans le Lysefjorde, d\u00e9couverte de la faune et de la flore norv\u00e9gienne. Arriv\u00e9s \u00e0 Lysebotn nous voil\u00e0 repartis pour une belle ascension. Les paysages sont splendides, on se serait dit dans le Seigneur des Anneaux&#8230;. Rencontre de base jumper en pr\u00e9paration puis enfin nous atteignons notre but le Kjeragolten. C&rsquo;est un gros bloc de pierre coinc\u00e9 entre deux parois rocheuses surplombant une immense falaise longeant le fjord.<\/p>\n<p><b><br \/>\n<\/b><\/td>\n<\/tr>\n<tr>\n<td><b><br \/>\nMercredi 9 ao\u00fbt <\/b><\/p>\n<p align=\"justify\">Miracle, le matin il fait quelques gouttes. Il ne fait pas tr\u00e8s chaud, mais nous allons tout de m\u00eame nous baigner dans le fjord. Certains remontent au Kjeragolten. Nous dinons sous un tipi, puis reprenons le ferry pour revenir au camping de Moswangen de Stavanger.<\/p>\n<\/td>\n<\/tr>\n<tr>\n<td>\n<div><img loading=\"lazy\" decoding=\"async\" src=\"http:\/\/www.scoutlamoliere.ch\/groupement\/images\/NORGE06_574.jpg\" alt=\"\" width=\"320\" height=\"240\" align=\"left\" hspace=\"10\" \/><\/div>\n<div><\/div>\n<div align=\"justify\"><b>Jeudi 10 ao\u00fbt <\/b><\/div>\n<p align=\"justify\">Nous voil\u00e0 partis pour remonter la c\u00f4te jusqu&rsquo;\u00e0 Bergen mais cette fois par voie maritime avec l&rsquo;express boat durant 4h. Arriv\u00e9s \u00e0 Bergen, nous allons visiter la c\u00e9l\u00e8bre \u00e9glise de Fantoft qui a \u00e9t\u00e9 incendi\u00e9e en 1992 puis reconstruite en 1997. C&rsquo;est une \u00e9glise m\u00e9di\u00e9vale en bois typique de la Norv\u00e8ge. Nous allons passer la nuit dans un camping \u00e0 19km de la ville.<\/p>\n<div><\/div>\n<\/td>\n<\/tr>\n<tr>\n<td>\n<div><\/div>\n<div><img loading=\"lazy\" decoding=\"async\" src=\"http:\/\/www.scoutlamoliere.ch\/groupement\/images\/NORGE06_685.jpg\" alt=\"\" width=\"320\" height=\"240\" align=\"right\" hspace=\"10\" \/><\/div>\n<div align=\"justify\"><b>Vendredi 11 ao\u00fbt<\/b><\/div>\n<p align=\"justify\">L\u00e9g\u00e8re pluie durant notre transport jusqu&rsquo;\u00e0 la gare de Bergen pour aller prendre le train qui va nous conduire \u00e0 Oslo, la capitale. Ce trajet de 6h nous fait traverser le pays et ses nombreux paysages tout en largeur, dommage c&rsquo;est un peu brumeux. Premier aper\u00e7u de la ville, puis nous allons prendre le repas du soir dans un joli restaurant \u00e0 c\u00f4t\u00e9 du port.<\/p>\n<\/td>\n<\/tr>\n<tr>\n<td>\n<div><\/div>\n<div><img loading=\"lazy\" decoding=\"async\" src=\"http:\/\/www.scoutlamoliere.ch\/groupement\/images\/NORGE06_730.jpg\" alt=\"\" width=\"320\" height=\"240\" align=\"left\" hspace=\"10\" \/><\/div>\n<div><\/div>\n<div align=\"justify\"><b>Samedi 12 ao\u00fbt<\/b><\/div>\n<p align=\"justify\">6h30, il est l&rsquo;heure de se r\u00e9veiller au camping d&rsquo;Oslo. Le paquetage des tentes se fait rapidement. Visite du mus\u00e9e viking, les drakkars y sont tr\u00e8s impressionnants. Chacun se balade et visite la ville comme bon lui semble. Rendez-vous \u00e0 14h30 \u00e0 la gare pour r\u00e9cup\u00e9rer les sacs puis d\u00e9part pour l&rsquo;a\u00e9roport. D\u00e9collage avec KLM, escale \u00e0 Amsterdam puis arriv\u00e9e \u00e0 Gen\u00e8ve. Un dernier verre \u00e0 Yverdon avant de rentrer chez soi passer une bonne nuit de sommeil.<\/p>\n<div><\/div>\n<\/td>\n<\/tr>\n<\/tbody>\n<\/table>\n<div align=\"justify\"><\/div>\n<div><\/div>\n<p>&nbsp;<\/p>\n<div><\/div>\n<p><b><br \/>\n<\/b><\/p>\n<div><\/div>\n<div><\/div>\n<div align=\"left\"><i>Romaine Bettex, le 17 octobre 2006<\/i><\/div>\n","protected":false},"excerpt":{"rendered":"<p>Comme vous le savez s\u00fbrement d\u00e9j\u00e0 tous, l&rsquo;\u00e9quipe des moniteurs s&rsquo;est accord\u00e9e, du 3 au 12 ao\u00fbt 2006, un voyage en Norv\u00e8ge. Apr\u00e8s s&rsquo;\u00eatre rempli les yeux de paysages grandioses et de vues surprenantes, le moment est venu de vous raconter ce p\u00e9riple \u00e0 dix-huit, au nord de l&rsquo;Europe. Jeudi 3 ao\u00fbt Rendez-vous \u00e0 la &hellip; <a href=\"https:\/\/www.scoutlamoliere.ch\/?page_id=73\" class=\"more-link\">Continuer la lecture de <span class=\"screen-reader-text\">Journal NORGE 06<\/span>  <span class=\"meta-nav\">&rarr;<\/span><\/a><\/p>\n","protected":false},"author":1,"featured_media":0,"parent":0,"menu_order":0,"comment_status":"closed","ping_status":"closed","template":"","meta":{"footnotes":""},"class_list":["post-73","page","type-page","status-publish","hentry"],"_links":{"self":[{"href":"https:\/\/www.scoutlamoliere.ch\/index.php?rest_route=\/wp\/v2\/pages\/73","targetHints":{"allow":["GET"]}}],"collection":[{"href":"https:\/\/www.scoutlamoliere.ch\/index.php?rest_route=\/wp\/v2\/pages"}],"about":[{"href":"https:\/\/www.scoutlamoliere.ch\/index.php?rest_route=\/wp\/v2\/types\/page"}],"author":[{"embeddable":true,"href":"https:\/\/www.scoutlamoliere.ch\/index.php?rest_route=\/wp\/v2\/users\/1"}],"replies":[{"embeddable":true,"href":"https:\/\/www.scoutlamoliere.ch\/index.php?rest_route=%2Fwp%2Fv2%2Fcomments&post=73"}],"version-history":[{"count":7,"href":"https:\/\/www.scoutlamoliere.ch\/index.php?rest_route=\/wp\/v2\/pages\/73\/revisions"}],"predecessor-version":[{"id":1037,"href":"https:\/\/www.scoutlamoliere.ch\/index.php?rest_route=\/wp\/v2\/pages\/73\/revisions\/1037"}],"wp:attachment":[{"href":"https:\/\/www.scoutlamoliere.ch\/index.php?rest_route=%2Fwp%2Fv2%2Fmedia&parent=73"}],"curies":[{"name":"wp","href":"https:\/\/api.w.org\/{rel}","templated":true}]}}